{"id":5363,"date":"2024-12-03T11:13:53","date_gmt":"2024-12-03T11:13:53","guid":{"rendered":"https:\/\/wp.graip.ai\/newsroom"},"modified":"2025-11-28T13:35:50","modified_gmt":"2025-11-28T13:35:50","slug":"aktualnosci","status":"publish","type":"page","link":"https:\/\/graip.ai\/blog\/pl\/aktualnosci","title":{"rendered":"Newsroom"},"content":{"rendered":"","protected":false},"excerpt":{"rendered":"","protected":false},"author":3,"featured_media":0,"parent":0,"menu_order":0,"comment_status":"closed","ping_status":"closed","template":"","meta":{"_acf_changed":false,"footnotes":""},"class_list":["post-5363","page","type-page","status-publish","hentry"],"acf":[],"yoast_head":"<!-- This site is optimized with the Yoast SEO Premium plugin v19.0.1 (Yoast SEO v19.4) - https:\/\/yoast.com\/wordpress\/plugins\/seo\/ -->\n<title>Newsroom | Graip.AI Blog<\/title>\n<meta name=\"description\" content=\"Odkryj nasze najnowsze innowacje, premiery nowych produkt\u00f3w, nadchodz\u0105ce funkcje i strategiczne partnerstwa. B\u0105d\u017a na bie\u017c\u0105co z ekscytuj\u0105cymi wydarzeniami! Graip.AI.\" \/>\n<meta name=\"robots\" content=\"index, follow, max-snippet:-1, max-image-preview:large, max-video-preview:-1\" \/>\n<link rel=\"canonical\" href=\"https:\/\/graip.ai\/pl\/aktualnosci\" \/>\n<meta property=\"og:locale\" content=\"pl_PL\" \/>\n<meta property=\"og:type\" content=\"article\" \/>\n<meta property=\"og:title\" content=\"Newsroom\" \/>\n<meta property=\"og:description\" content=\"Odkryj nasze najnowsze innowacje, premiery nowych produkt\u00f3w, nadchodz\u0105ce funkcje i strategiczne partnerstwa. B\u0105d\u017a na bie\u017c\u0105co z ekscytuj\u0105cymi wydarzeniami! Graip.AI.\" \/>\n<meta property=\"og:url\" content=\"https:\/\/graip.ai\/pl\/aktualnosci\" \/>\n<meta property=\"og:site_name\" content=\"Graip.AI Blog\" \/>\n<meta property=\"article:modified_time\" content=\"2025-11-28T13:35:50+00:00\" \/>\n<meta name=\"twitter:card\" content=\"summary_large_image\" \/>\n<script type=\"application\/ld+json\" class=\"yoast-schema-graph\">{\"@context\":\"https:\/\/schema.org\",\"@graph\":[{\"@type\":\"WebSite\",\"@id\":\"https:\/\/graip.ai\/blog\/pl#website\",\"url\":\"https:\/\/graip.ai\/blog\/pl\",\"name\":\"Graip.AI Blog\",\"description\":\"ML and Data Science articles\",\"potentialAction\":[{\"@type\":\"SearchAction\",\"target\":{\"@type\":\"EntryPoint\",\"urlTemplate\":\"https:\/\/graip.ai\/blog\/pl?s={search_term_string}\"},\"query-input\":\"required name=search_term_string\"}],\"inLanguage\":\"pl-PL\"},{\"@type\":\"WebPage\",\"@id\":\"https:\/\/graip.ai\/blog\/pl\/aktualnosci\",\"url\":\"https:\/\/graip.ai\/pl\/aktualnosci\",\"name\":\"Newsroom | Graip.AI Blog\",\"isPartOf\":{\"@id\":\"https:\/\/graip.ai\/blog\/pl#website\"},\"datePublished\":\"2024-12-03T11:13:53+00:00\",\"dateModified\":\"2025-11-28T13:35:50+00:00\",\"description\":\"Odkryj nasze najnowsze innowacje, premiery nowych produkt\u00f3w, nadchodz\u0105ce funkcje i strategiczne partnerstwa. B\u0105d\u017a na bie\u017c\u0105co z ekscytuj\u0105cymi wydarzeniami! Graip.AI.\",\"breadcrumb\":{\"@id\":\"https:\/\/graip.ai\/pl\/aktualnosci#breadcrumb\"},\"inLanguage\":\"pl-PL\",\"potentialAction\":[{\"@type\":\"ReadAction\",\"target\":[\"https:\/\/graip.ai\/pl\/aktualnosci\"]}]},{\"@type\":\"BreadcrumbList\",\"@id\":\"https:\/\/graip.ai\/pl\/aktualnosci#breadcrumb\",\"itemListElement\":[{\"@type\":\"ListItem\",\"position\":1,\"name\":\"Home\",\"item\":\"https:\/\/graip.ai\/blog\/pl\"},{\"@type\":\"ListItem\",\"position\":2,\"name\":\"Newsroom\"}]}]}<\/script>\n<!-- \/ Yoast SEO Premium plugin. -->","yoast_head_json":{"title":"Newsroom | Graip.AI Blog","description":"Odkryj nasze najnowsze innowacje, premiery nowych produkt\u00f3w, nadchodz\u0105ce funkcje i strategiczne partnerstwa. B\u0105d\u017a na bie\u017c\u0105co z ekscytuj\u0105cymi wydarzeniami! Graip.AI.","robots":{"index":"index","follow":"follow","max-snippet":"max-snippet:-1","max-image-preview":"max-image-preview:large","max-video-preview":"max-video-preview:-1"},"canonical":"https:\/\/graip.ai\/pl\/aktualnosci","og_locale":"pl_PL","og_type":"article","og_title":"Newsroom","og_description":"Odkryj nasze najnowsze innowacje, premiery nowych produkt\u00f3w, nadchodz\u0105ce funkcje i strategiczne partnerstwa. B\u0105d\u017a na bie\u017c\u0105co z ekscytuj\u0105cymi wydarzeniami! Graip.AI.","og_url":"https:\/\/graip.ai\/pl\/aktualnosci","og_site_name":"Graip.AI Blog","article_modified_time":"2025-11-28T13:35:50+00:00","twitter_card":"summary_large_image","schema":{"@context":"https:\/\/schema.org","@graph":[{"@type":"WebSite","@id":"https:\/\/graip.ai\/blog\/pl#website","url":"https:\/\/graip.ai\/blog\/pl","name":"Graip.AI Blog","description":"ML and Data Science articles","potentialAction":[{"@type":"SearchAction","target":{"@type":"EntryPoint","urlTemplate":"https:\/\/graip.ai\/blog\/pl?s={search_term_string}"},"query-input":"required name=search_term_string"}],"inLanguage":"pl-PL"},{"@type":"WebPage","@id":"https:\/\/graip.ai\/blog\/pl\/aktualnosci","url":"https:\/\/graip.ai\/pl\/aktualnosci","name":"Newsroom | Graip.AI Blog","isPartOf":{"@id":"https:\/\/graip.ai\/blog\/pl#website"},"datePublished":"2024-12-03T11:13:53+00:00","dateModified":"2025-11-28T13:35:50+00:00","description":"Odkryj nasze najnowsze innowacje, premiery nowych produkt\u00f3w, nadchodz\u0105ce funkcje i strategiczne partnerstwa. B\u0105d\u017a na bie\u017c\u0105co z ekscytuj\u0105cymi wydarzeniami! Graip.AI.","breadcrumb":{"@id":"https:\/\/graip.ai\/pl\/aktualnosci#breadcrumb"},"inLanguage":"pl-PL","potentialAction":[{"@type":"ReadAction","target":["https:\/\/graip.ai\/pl\/aktualnosci"]}]},{"@type":"BreadcrumbList","@id":"https:\/\/graip.ai\/pl\/aktualnosci#breadcrumb","itemListElement":[{"@type":"ListItem","position":1,"name":"Home","item":"https:\/\/graip.ai\/blog\/pl"},{"@type":"ListItem","position":2,"name":"Newsroom"}]}]}},"_links":{"self":[{"href":"https:\/\/graip.ai\/blog\/pl\/wp-json\/wp\/v2\/pages\/5363","targetHints":{"allow":["GET"]}}],"collection":[{"href":"https:\/\/graip.ai\/blog\/pl\/wp-json\/wp\/v2\/pages"}],"about":[{"href":"https:\/\/graip.ai\/blog\/pl\/wp-json\/wp\/v2\/types\/page"}],"author":[{"embeddable":true,"href":"https:\/\/graip.ai\/blog\/pl\/wp-json\/wp\/v2\/users\/3"}],"replies":[{"embeddable":true,"href":"https:\/\/graip.ai\/blog\/pl\/wp-json\/wp\/v2\/comments?post=5363"}],"version-history":[{"count":7,"href":"https:\/\/graip.ai\/blog\/pl\/wp-json\/wp\/v2\/pages\/5363\/revisions"}],"predecessor-version":[{"id":7654,"href":"https:\/\/graip.ai\/blog\/pl\/wp-json\/wp\/v2\/pages\/5363\/revisions\/7654"}],"wp:attachment":[{"href":"https:\/\/graip.ai\/blog\/pl\/wp-json\/wp\/v2\/media?parent=5363"}],"curies":[{"name":"wp","href":"https:\/\/api.w.org\/{rel}","templated":true}]}}