{"id":5362,"date":"2024-12-03T11:13:53","date_gmt":"2024-12-03T11:13:53","guid":{"rendered":"https:\/\/wp.graip.ai\/sala-de-prensa"},"modified":"2025-11-28T13:40:14","modified_gmt":"2025-11-28T13:40:14","slug":"noticia","status":"publish","type":"page","link":"https:\/\/graip.ai\/blog\/es\/noticia","title":{"rendered":"Sala de prensa"},"content":{"rendered":"","protected":false},"excerpt":{"rendered":"","protected":false},"author":3,"featured_media":0,"parent":0,"menu_order":0,"comment_status":"closed","ping_status":"closed","template":"","meta":{"_acf_changed":false,"footnotes":""},"class_list":["post-5362","page","type-page","status-publish","hentry"],"acf":[],"yoast_head":"<!-- This site is optimized with the Yoast SEO Premium plugin v19.0.1 (Yoast SEO v19.4) - https:\/\/yoast.com\/wordpress\/plugins\/seo\/ -->\n<title>Sala de prensa | Graip.AI Blog<\/title>\n<meta name=\"description\" content=\"Descubre nuestras \u00faltimas innovaciones, lanzamientos de nuevos productos, pr\u00f3ximas funciones y asociaciones estrat\u00e9gicas. \u00a1Mantente al d\u00eda de las novedades m\u00e1s interesantes! Graip.AI.\" \/>\n<meta name=\"robots\" content=\"index, follow, max-snippet:-1, max-image-preview:large, max-video-preview:-1\" \/>\n<link rel=\"canonical\" href=\"https:\/\/graip.ai\/es\/noticia\" \/>\n<meta property=\"og:locale\" content=\"es_ES\" \/>\n<meta property=\"og:type\" content=\"article\" \/>\n<meta property=\"og:title\" content=\"Sala de prensa\" \/>\n<meta property=\"og:description\" content=\"Descubre nuestras \u00faltimas innovaciones, lanzamientos de nuevos productos, pr\u00f3ximas funciones y asociaciones estrat\u00e9gicas. \u00a1Mantente al d\u00eda de las novedades m\u00e1s interesantes! Graip.AI.\" \/>\n<meta property=\"og:url\" content=\"https:\/\/graip.ai\/es\/noticia\" \/>\n<meta property=\"og:site_name\" content=\"Graip.AI Blog\" \/>\n<meta property=\"article:modified_time\" content=\"2025-11-28T13:40:14+00:00\" \/>\n<meta name=\"twitter:card\" content=\"summary_large_image\" \/>\n<script type=\"application\/ld+json\" class=\"yoast-schema-graph\">{\"@context\":\"https:\/\/schema.org\",\"@graph\":[{\"@type\":\"WebSite\",\"@id\":\"https:\/\/wp.graip.ai\/#website\",\"url\":\"https:\/\/wp.graip.ai\/\",\"name\":\"Graip.AI Blog\",\"description\":\"ML and Data Science articles\",\"potentialAction\":[{\"@type\":\"SearchAction\",\"target\":{\"@type\":\"EntryPoint\",\"urlTemplate\":\"https:\/\/wp.graip.ai\/?s={search_term_string}\"},\"query-input\":\"required name=search_term_string\"}],\"inLanguage\":\"es\"},{\"@type\":\"WebPage\",\"@id\":\"https:\/\/graip.ai\/blog\/es\/noticia\",\"url\":\"https:\/\/graip.ai\/es\/noticia\",\"name\":\"Sala de prensa | Graip.AI Blog\",\"isPartOf\":{\"@id\":\"https:\/\/wp.graip.ai\/#website\"},\"datePublished\":\"2024-12-03T11:13:53+00:00\",\"dateModified\":\"2025-11-28T13:40:14+00:00\",\"description\":\"Descubre nuestras \u00faltimas innovaciones, lanzamientos de nuevos productos, pr\u00f3ximas funciones y asociaciones estrat\u00e9gicas. \u00a1Mantente al d\u00eda de las novedades m\u00e1s interesantes! Graip.AI.\",\"breadcrumb\":{\"@id\":\"https:\/\/graip.ai\/es\/noticia#breadcrumb\"},\"inLanguage\":\"es\",\"potentialAction\":[{\"@type\":\"ReadAction\",\"target\":[\"https:\/\/graip.ai\/es\/noticia\"]}]},{\"@type\":\"BreadcrumbList\",\"@id\":\"https:\/\/graip.ai\/es\/noticia#breadcrumb\",\"itemListElement\":[{\"@type\":\"ListItem\",\"position\":1,\"name\":\"Home\",\"item\":\"https:\/\/graip.ai\/blog\/es\"},{\"@type\":\"ListItem\",\"position\":2,\"name\":\"Sala de prensa\"}]}]}<\/script>\n<!-- \/ Yoast SEO Premium plugin. -->","yoast_head_json":{"title":"Sala de prensa | Graip.AI Blog","description":"Descubre nuestras \u00faltimas innovaciones, lanzamientos de nuevos productos, pr\u00f3ximas funciones y asociaciones estrat\u00e9gicas. \u00a1Mantente al d\u00eda de las novedades m\u00e1s interesantes! Graip.AI.","robots":{"index":"index","follow":"follow","max-snippet":"max-snippet:-1","max-image-preview":"max-image-preview:large","max-video-preview":"max-video-preview:-1"},"canonical":"https:\/\/graip.ai\/es\/noticia","og_locale":"es_ES","og_type":"article","og_title":"Sala de prensa","og_description":"Descubre nuestras \u00faltimas innovaciones, lanzamientos de nuevos productos, pr\u00f3ximas funciones y asociaciones estrat\u00e9gicas. \u00a1Mantente al d\u00eda de las novedades m\u00e1s interesantes! Graip.AI.","og_url":"https:\/\/graip.ai\/es\/noticia","og_site_name":"Graip.AI Blog","article_modified_time":"2025-11-28T13:40:14+00:00","twitter_card":"summary_large_image","schema":{"@context":"https:\/\/schema.org","@graph":[{"@type":"WebSite","@id":"https:\/\/wp.graip.ai\/#website","url":"https:\/\/wp.graip.ai\/","name":"Graip.AI Blog","description":"ML and Data Science articles","potentialAction":[{"@type":"SearchAction","target":{"@type":"EntryPoint","urlTemplate":"https:\/\/wp.graip.ai\/?s={search_term_string}"},"query-input":"required name=search_term_string"}],"inLanguage":"es"},{"@type":"WebPage","@id":"https:\/\/graip.ai\/blog\/es\/noticia","url":"https:\/\/graip.ai\/es\/noticia","name":"Sala de prensa | Graip.AI Blog","isPartOf":{"@id":"https:\/\/wp.graip.ai\/#website"},"datePublished":"2024-12-03T11:13:53+00:00","dateModified":"2025-11-28T13:40:14+00:00","description":"Descubre nuestras \u00faltimas innovaciones, lanzamientos de nuevos productos, pr\u00f3ximas funciones y asociaciones estrat\u00e9gicas. \u00a1Mantente al d\u00eda de las novedades m\u00e1s interesantes! Graip.AI.","breadcrumb":{"@id":"https:\/\/graip.ai\/es\/noticia#breadcrumb"},"inLanguage":"es","potentialAction":[{"@type":"ReadAction","target":["https:\/\/graip.ai\/es\/noticia"]}]},{"@type":"BreadcrumbList","@id":"https:\/\/graip.ai\/es\/noticia#breadcrumb","itemListElement":[{"@type":"ListItem","position":1,"name":"Home","item":"https:\/\/graip.ai\/blog\/es"},{"@type":"ListItem","position":2,"name":"Sala de prensa"}]}]}},"_links":{"self":[{"href":"https:\/\/graip.ai\/blog\/es\/wp-json\/wp\/v2\/pages\/5362","targetHints":{"allow":["GET"]}}],"collection":[{"href":"https:\/\/graip.ai\/blog\/es\/wp-json\/wp\/v2\/pages"}],"about":[{"href":"https:\/\/graip.ai\/blog\/es\/wp-json\/wp\/v2\/types\/page"}],"author":[{"embeddable":true,"href":"https:\/\/graip.ai\/blog\/es\/wp-json\/wp\/v2\/users\/3"}],"replies":[{"embeddable":true,"href":"https:\/\/graip.ai\/blog\/es\/wp-json\/wp\/v2\/comments?post=5362"}],"version-history":[{"count":9,"href":"https:\/\/graip.ai\/blog\/es\/wp-json\/wp\/v2\/pages\/5362\/revisions"}],"predecessor-version":[{"id":7657,"href":"https:\/\/graip.ai\/blog\/es\/wp-json\/wp\/v2\/pages\/5362\/revisions\/7657"}],"wp:attachment":[{"href":"https:\/\/graip.ai\/blog\/es\/wp-json\/wp\/v2\/media?parent=5362"}],"curies":[{"name":"wp","href":"https:\/\/api.w.org\/{rel}","templated":true}]}}